{"id":962,"date":"2022-03-16T23:00:27","date_gmt":"2022-03-16T23:00:27","guid":{"rendered":"http:\/\/183eaae.agr.hr\/?page_id=962"},"modified":"2022-06-29T10:53:29","modified_gmt":"2022-06-29T10:53:29","slug":"committees","status":"publish","type":"page","link":"https:\/\/183eaae.agr.hr\/index.php\/committees\/","title":{"rendered":"Committees"},"content":{"rendered":"<style>#kt-layout-id_7c2965-56 > .kt-row-column-wrap{align-content:start;}:where(#kt-layout-id_7c2965-56 > .kt-row-column-wrap) > .wp-block-kadence-column{justify-content:start;}#kt-layout-id_7c2965-56 > .kt-row-column-wrap{column-gap:var(--global-kb-gap-md, 2rem);row-gap:var(--global-kb-gap-md, 2rem);max-width:var( --global-content-width, 1290px );padding-left:var(--global-content-edge-padding);padding-right:var(--global-content-edge-padding);padding-top:var( --global-kb-row-default-top, 25px );padding-bottom:var( --global-kb-row-default-bottom, 25px );padding-top:200px;padding-bottom:150px;grid-template-columns:minmax(0, 1fr);}#kt-layout-id_7c2965-56{background-image:url('http:\/\/183eaae.agr.hr\/wp-content\/uploads\/2022\/03\/pexels-fauxels-3184418.jpg');background-size:cover;background-position:30% 42%;background-attachment:scroll;background-repeat:no-repeat;}#kt-layout-id_7c2965-56 > .kt-row-layout-overlay{opacity:0.45;background-color:var(--global-palette3, #1A202C);}@media all and (max-width: 1024px){#kt-layout-id_7c2965-56 > .kt-row-column-wrap{grid-template-columns:minmax(0, 1fr);}}@media all and (max-width: 767px){#kt-layout-id_7c2965-56 > .kt-row-column-wrap{grid-template-columns:minmax(0, 1fr);}}<\/style>\n<div class=\"wp-block-kadence-rowlayout alignnone\"><div id=\"kt-layout-id_7c2965-56\" class=\"kt-row-layout-inner kt-row-has-bg kt-layout-id_7c2965-56\"><div class=\"kt-row-layout-overlay kt-row-overlay-normal\"><\/div><div class=\"kt-row-column-wrap kt-has-1-columns kt-gutter-default kt-v-gutter-default kt-row-valign-top kt-row-layout-equal kt-tab-layout-inherit kt-m-colapse-left-to-right kt-mobile-layout-row kb-theme-content-width\"><style>.kadence-column_35274f-2c > .kt-inside-inner-col{border-top-width:0px;border-right-width:0px;border-bottom-width:0px;border-left-width:0px;}.kadence-column_35274f-2c > .kt-inside-inner-col,.kadence-column_35274f-2c > .kt-inside-inner-col:before{border-top-left-radius:0px;border-top-right-radius:0px;border-bottom-right-radius:0px;border-bottom-left-radius:0px;}.kadence-column_35274f-2c > .kt-inside-inner-col{column-gap:var(--global-kb-gap-sm, 1rem);}.kadence-column_35274f-2c > .kt-inside-inner-col{flex-direction:column;}.kadence-column_35274f-2c > .kt-inside-inner-col > .aligncenter{width:100%;}.kadence-column_35274f-2c > .kt-inside-inner-col:before{opacity:0.3;}.kadence-column_35274f-2c{position:relative;}@media all and (max-width: 1024px){.kadence-column_35274f-2c > .kt-inside-inner-col{flex-direction:column;justify-content:center;}}@media all and (max-width: 767px){.kadence-column_35274f-2c > .kt-inside-inner-col{flex-direction:column;justify-content:center;}}<\/style>\n<div class=\"wp-block-kadence-column inner-column-1 kadence-column_35274f-2c\"><div class=\"kt-inside-inner-col\"><style>.wp-block-kadence-advancedheading.kt-adv-heading_a90495-f0, .wp-block-kadence-advancedheading.kt-adv-heading_a90495-f0[data-kb-block=\"kb-adv-heading_a90495-f0\"]{text-align:center;font-style:normal;}.wp-block-kadence-advancedheading.kt-adv-heading_a90495-f0 mark.kt-highlight, .wp-block-kadence-advancedheading.kt-adv-heading_a90495-f0[data-kb-block=\"kb-adv-heading_a90495-f0\"] mark.kt-highlight{font-style:normal;color:#f76a0c;-webkit-box-decoration-break:clone;box-decoration-break:clone;padding-top:0px;padding-right:0px;padding-bottom:0px;padding-left:0px;}.wp-block-kadence-advancedheading.kt-adv-heading_a90495-f0 img.kb-inline-image, .wp-block-kadence-advancedheading.kt-adv-heading_a90495-f0[data-kb-block=\"kb-adv-heading_a90495-f0\"] img.kb-inline-image{width:150px;vertical-align:baseline;}<\/style>\n<h1 class=\"kt-adv-heading_a90495-f0 wp-block-kadence-advancedheading has-theme-palette-9-color has-text-color\" data-kb-block=\"kb-adv-heading_a90495-f0\"><strong>Committees<\/strong><\/h1>\n<\/div><\/div>\n<\/div><\/div><\/div>\n\n\n<style>#kt-layout-id_9cb4d1-6b > .kt-row-column-wrap{align-content:start;}:where(#kt-layout-id_9cb4d1-6b > .kt-row-column-wrap) > .wp-block-kadence-column{justify-content:start;}#kt-layout-id_9cb4d1-6b > .kt-row-column-wrap{column-gap:var(--global-kb-gap-md, 2rem);row-gap:var(--global-kb-gap-md, 2rem);max-width:700px;margin-left:auto;margin-right:auto;padding-top:var( --global-kb-row-default-top, 25px );padding-bottom:var( --global-kb-row-default-bottom, 25px );padding-top:80px;grid-template-columns:minmax(0, 1fr);}#kt-layout-id_9cb4d1-6b > .kt-row-layout-overlay{opacity:0.30;}@media all and (max-width: 1024px){#kt-layout-id_9cb4d1-6b > .kt-row-column-wrap{grid-template-columns:minmax(0, 1fr);}}@media all and (max-width: 767px){#kt-layout-id_9cb4d1-6b > .kt-row-column-wrap{grid-template-columns:minmax(0, 1fr);}}<\/style>\n<div class=\"wp-block-kadence-rowlayout alignnone\"><div id=\"kt-layout-id_9cb4d1-6b\" class=\"kt-row-layout-inner kt-layout-id_9cb4d1-6b\"><div class=\"kt-row-column-wrap kt-has-1-columns kt-gutter-default kt-v-gutter-default kt-row-valign-top kt-row-layout-equal kt-tab-layout-inherit kt-m-colapse-left-to-right kt-mobile-layout-row\"><style>.kadence-column_a95855-39 > .kt-inside-inner-col{border-top-width:0px;border-right-width:0px;border-bottom-width:0px;border-left-width:0px;}.kadence-column_a95855-39 > .kt-inside-inner-col,.kadence-column_a95855-39 > .kt-inside-inner-col:before{border-top-left-radius:0px;border-top-right-radius:0px;border-bottom-right-radius:0px;border-bottom-left-radius:0px;}.kadence-column_a95855-39 > .kt-inside-inner-col{column-gap:var(--global-kb-gap-sm, 1rem);}.kadence-column_a95855-39 > .kt-inside-inner-col{flex-direction:column;}.kadence-column_a95855-39 > .kt-inside-inner-col > .aligncenter{width:100%;}.kadence-column_a95855-39 > .kt-inside-inner-col:before{opacity:0.3;}.kadence-column_a95855-39{position:relative;}@media all and (max-width: 1024px){.kadence-column_a95855-39 > .kt-inside-inner-col{flex-direction:column;justify-content:center;}}@media all and (max-width: 767px){.kadence-column_a95855-39 > .kt-inside-inner-col{flex-direction:column;justify-content:center;}}<\/style>\n<div class=\"wp-block-kadence-column inner-column-1 kadence-column_a95855-39\"><div class=\"kt-inside-inner-col\">\n<h3 class=\"has-theme-palette-6-color has-text-color wp-block-heading\"><strong><strong>International scientific committee:<\/strong><\/strong><\/h3>\n\n\n\n<p>Achilleas Vassilopoulos (Agricultural University of Athens, Greece)<br>Andreas Drichoutis (Agricultural University of Athens, Greece)<br>Carl-Johan Lagerkvist (Swedish University of Agricultural Sciences, Sweden)<br>Jens Rommel (Swedish University of Agricultural Sciences, Sweden)<br>Jose M. Gil (CREDA-UPC-IRTA, Spain)<br>Jutta Roosen (Technical University of Munich, Germany)<br>Liisa L\u00e4hteenm\u00e4ki (Aarhus university, Denmark)<br>Marija Cerjak (University of Zagreb Faculty of Agriculture, Croatia)<br>Marina Nacka (Ss. Cyril &amp; Methodius University at Skopje, North Macedonia)<br>Maurizio Canavari (Alma Mater Studiorum-Universit\u00e0 di Bologna, Italy)<br>Natalija Bogdanov (University of Belgrade, Faculty of Agriculture, Serbia)<br>Paolo Crosetto (INRAE, France)<br>Rodolfo M. Nayga (USA)<br>Seda Erdem (University of Stirling, UK)<br>Tanja Sumrada (University of Ljubljana, Biotechnical Faculty, Slovenia)<br>Ahmet Ali Ko\u00e7 (Akdeniz University, Turkey)<\/p>\n\n\n\n<h3 class=\"has-theme-palette-6-color has-text-color wp-block-heading\">Local organising committee:<\/h3>\n\n\n\n<p>Marija Cerjak (chair), <em>University of Zagreb Faculty of Agriculture\/Croatian Society of Agricultural Economists<\/em><\/p>\n\n\n\n<p>Kristijan Bili\u0107, <em>University of Zagreb Faculty of Agriculture\/ Croatian Society of Agricultural Economists<\/em><\/p>\n\n\n\n<p>Gabriela Su\u0161ac, <em>University of Zagreb Faculty of Agriculture\/ Croatian Society of Agricultural Economists<\/em><\/p>\n\n\n\n<p>Branka \u0160aki\u0107 Bobi\u0107<em>, University of Zagreb Faculty of Agriculture\/ Croatian Society of Agricultural Economists<\/em><\/p>\n<\/div><\/div>\n<\/div><\/div><\/div>\n","protected":false},"excerpt":{"rendered":"<p>Committees International scientific committee: Achilleas Vassilopoulos (Agricultural University of Athens, Greece)Andreas Drichoutis (Agricultural University of Athens, Greece)Carl-Johan Lagerkvist (Swedish University of Agricultural Sciences, Sweden)Jens Rommel (Swedish University of Agricultural Sciences, Sweden)Jose M. Gil (CREDA-UPC-IRTA, Spain)Jutta Roosen (Technical University of Munich, Germany)Liisa L\u00e4hteenm\u00e4ki (Aarhus university, Denmark)Marija Cerjak (University of Zagreb Faculty of Agriculture, Croatia)Marina Nacka (Ss&#8230;.<\/p>\n","protected":false},"author":1,"featured_media":0,"parent":0,"menu_order":0,"comment_status":"closed","ping_status":"closed","template":"","meta":{"_kadence_starter_templates_imported_post":true,"_kad_post_transparent":"","_kad_post_title":"hide","_kad_post_layout":"fullwidth","_kad_post_sidebar_id":"","_kad_post_content_style":"unboxed","_kad_post_vertical_padding":"hide","_kad_post_feature":"hide","_kad_post_feature_position":"","_kad_post_header":false,"_kad_post_footer":false,"_kad_post_classname":"","footnotes":""},"class_list":["post-962","page","type-page","status-publish","hentry"],"_links":{"self":[{"href":"https:\/\/183eaae.agr.hr\/index.php\/wp-json\/wp\/v2\/pages\/962","targetHints":{"allow":["GET"]}}],"collection":[{"href":"https:\/\/183eaae.agr.hr\/index.php\/wp-json\/wp\/v2\/pages"}],"about":[{"href":"https:\/\/183eaae.agr.hr\/index.php\/wp-json\/wp\/v2\/types\/page"}],"author":[{"embeddable":true,"href":"https:\/\/183eaae.agr.hr\/index.php\/wp-json\/wp\/v2\/users\/1"}],"replies":[{"embeddable":true,"href":"https:\/\/183eaae.agr.hr\/index.php\/wp-json\/wp\/v2\/comments?post=962"}],"version-history":[{"count":4,"href":"https:\/\/183eaae.agr.hr\/index.php\/wp-json\/wp\/v2\/pages\/962\/revisions"}],"predecessor-version":[{"id":1146,"href":"https:\/\/183eaae.agr.hr\/index.php\/wp-json\/wp\/v2\/pages\/962\/revisions\/1146"}],"wp:attachment":[{"href":"https:\/\/183eaae.agr.hr\/index.php\/wp-json\/wp\/v2\/media?parent=962"}],"curies":[{"name":"wp","href":"https:\/\/api.w.org\/{rel}","templated":true}]}}